{"id":11,"date":"2016-03-14T11:11:03","date_gmt":"2016-03-14T11:11:03","guid":{"rendered":"http:\/\/rkv.d17.mywebsitetransfer.com\/?page_id=11"},"modified":"2018-05-23T08:09:57","modified_gmt":"2018-05-23T08:09:57","slug":"research-development","status":"publish","type":"page","link":"http:\/\/amcogen.com\/es\/investigacion-y-desarrollo\/","title":{"rendered":"Investigaci\u00f3n y Desarrollo"},"content":{"rendered":"<p><\/p>\n<h2>No Mol\u00e9cula es dif\u00edcil si est\u00e1 listo para invertir en Investigaci\u00f3n y Desarrollo y tiene un buen equipo de <span>expertos<\/span>.<\/h2>\n<ul class=\"checkList\">\n<li>Nosotros manejamos con confianza las mol\u00e9culas complejas en maneras que otros no pueden, ya que contamos con un equipo de Ph.D  (Philosophi\u00e6 doctor) y Maestros con amplia experiencia en Investigaci\u00f3n y Desarrollo y experience en Bioequivalancia Clinica para el ingreso exitoso  de expedientes  en FDA de EUA, MHRA de Reino Unido y TGA de Australia.<\/li>\n<li>Desarollamos productos comercialmente viable, bioequivalentes, no infringentes.<\/li>\n<li>Proporcionamos visi\u00f3n y liderazgo a trav\u00e9s del equipo interno de Investigaci\u00f3n y Desarrollo<\/li>\n<li>Buscamos y desarollamos relaciones con los laboratorios que realizan la mejor Investigaci\u00f3n y Desarrollo en el desarrollo de la formulaci\u00f3n.<\/li>\n<li>Colaboramos \u00fanicamente con empresas de investigaci\u00f3n por contrato (CROs) con experiencia, con licencia internacional y certificadas por organismos reguladores internacionales (por ejemplo, TGA, FDA,UE, ANVISA)<\/li>\n<li>Elegimos a la mejor empresa acreditada para realizar el perfil In vivo para asegurar la entrega de calidad en todo momento.<\/li>\n<\/ul>\n<h3 class=\"marginTop\">Estrategias de patentes<\/h3>\n<p>Tratamos de los asuntos de patentes desde el inicio hasta el lanzamiento del producto. Desarrollamos estrategias de patentes no infringentes para productos farmac\u00e9uticos listos para comercializar<\/p>\n<p style=\"font-size:21px;font-weight:bold;color:#82bd41;\">Revisar la inteligencia de patentes, identificar las mol\u00e9culas a punto de expirar patente y proporcionar estrategias que no infringen.<\/p>\n<p>Resolver los desaf\u00edos de patentes para las API (Ingrediente Farmac\u00e9utico Activo), las formulaciones farmac\u00e9uticas, el m\u00e9todo de tratamiento, el uso, el empaquetado, las formas polim\u00f3rficas, el tama\u00f1o de las part\u00edculas y otros aspectos intrincados de los derechos de propiedad intelectual<br \/>Estrategias para los impugnaci\u00f3n Propiedad Intelectual  posterior acomercializacion, si hay<\/p>\n<p><\/p>","protected":false},"excerpt":{"rendered":"<p>Nuestra experiencia puede ahorrar dinero y errores costosos que pueden da\u00f1ar a\u00f1os de oportunidad de negocio.<\/p>\n","protected":false},"author":1,"featured_media":332,"parent":0,"menu_order":0,"comment_status":"closed","ping_status":"closed","template":"template-inner.php","meta":[],"yoast_head":"<!-- This site is optimized with the Yoast SEO plugin v15.4 - https:\/\/yoast.com\/wordpress\/plugins\/seo\/ -->\n<meta name=\"description\" content=\"If you are pharmaceutical company from Latin America and we have collaboration with Indian Research and Development (R&amp;D) Laboratories for quality products.\" \/>\n<meta name=\"robots\" content=\"index, follow, max-snippet:-1, max-image-preview:large, max-video-preview:-1\" \/>\n<link rel=\"canonical\" href=\"https:\/\/amcogen.com\/research-development\/\" \/>\n<meta property=\"og:locale\" content=\"es_ES\" \/>\n<meta property=\"og:type\" content=\"article\" \/>\n<meta property=\"og:title\" content=\"Pharmaceutical R&amp;D | R&amp;D Pharma | Research and Development\" \/>\n<meta property=\"og:description\" content=\"If you are pharmaceutical company from Latin America and we have collaboration with Indian Research and Development (R&amp;D) Laboratories for quality products.\" \/>\n<meta property=\"og:url\" content=\"https:\/\/amcogen.com\/research-development\/\" \/>\n<meta property=\"og:site_name\" content=\"Amcogen:\" \/>\n<meta property=\"article:modified_time\" content=\"2018-05-23T08:09:57+00:00\" \/>\n<meta property=\"og:image\" content=\"http:\/\/amcogen.com\/wp-content\/uploads\/2016\/03\/rd.jpg\" \/>\n\t<meta property=\"og:image:width\" content=\"1520\" \/>\n\t<meta property=\"og:image:height\" content=\"267\" \/>\n<meta name=\"twitter:card\" content=\"summary\" \/>\n<meta name=\"twitter:label1\" content=\"Escrito por\">\n\t<meta name=\"twitter:data1\" content=\"admin\">\n\t<meta name=\"twitter:label2\" content=\"Tiempo de lectura\">\n\t<meta name=\"twitter:data2\" content=\"2 minutos\">\n<script type=\"application\/ld+json\" class=\"yoast-schema-graph\">{\"@context\":\"https:\/\/schema.org\",\"@graph\":[{\"@type\":\"Organization\",\"@id\":\"http:\/\/amcogen.com\/#organization\",\"name\":\"AMCOGEN ALLIANCES (P) LIMITED.\",\"url\":\"http:\/\/amcogen.com\/\",\"sameAs\":[],\"logo\":{\"@type\":\"ImageObject\",\"@id\":\"http:\/\/amcogen.com\/#logo\",\"inLanguage\":\"es\",\"url\":\"http:\/\/amcogen.com\/wp-content\/uploads\/2017\/03\/Amcogen-logo.png\",\"width\":102,\"height\":90,\"caption\":\"AMCOGEN ALLIANCES (P) LIMITED.\"},\"image\":{\"@id\":\"http:\/\/amcogen.com\/#logo\"}},{\"@type\":\"WebSite\",\"@id\":\"http:\/\/amcogen.com\/#website\",\"url\":\"http:\/\/amcogen.com\/\",\"name\":\"Amcogen:\",\"description\":\"Best Pharmaceutical Company| Contract Manufacturing| Out licensing\",\"publisher\":{\"@id\":\"http:\/\/amcogen.com\/#organization\"},\"potentialAction\":[{\"@type\":\"SearchAction\",\"target\":\"http:\/\/amcogen.com\/?s={search_term_string}\",\"query-input\":\"required name=search_term_string\"}],\"inLanguage\":\"es\"},{\"@type\":\"ImageObject\",\"@id\":\"https:\/\/amcogen.com\/research-development\/#primaryimage\",\"inLanguage\":\"es\",\"url\":\"http:\/\/amcogen.com\/wp-content\/uploads\/2016\/03\/rd.jpg\",\"width\":1520,\"height\":267,\"caption\":\"Research & Development\"},{\"@type\":\"WebPage\",\"@id\":\"https:\/\/amcogen.com\/research-development\/#webpage\",\"url\":\"https:\/\/amcogen.com\/research-development\/\",\"name\":\"Pharmaceutical R&D | R&D Pharma | Research and Development\",\"isPartOf\":{\"@id\":\"http:\/\/amcogen.com\/#website\"},\"primaryImageOfPage\":{\"@id\":\"https:\/\/amcogen.com\/research-development\/#primaryimage\"},\"datePublished\":\"2016-03-14T11:11:03+00:00\",\"dateModified\":\"2018-05-23T08:09:57+00:00\",\"description\":\"If you are pharmaceutical company from Latin America and we have collaboration with Indian Research and Development (R&D) Laboratories for quality products.\",\"inLanguage\":\"es\",\"potentialAction\":[{\"@type\":\"ReadAction\",\"target\":[\"https:\/\/amcogen.com\/research-development\/\"]}]}]}<\/script>\n<!-- \/ Yoast SEO plugin. -->","_links":{"self":[{"href":"http:\/\/amcogen.com\/es\/wp-json\/wp\/v2\/pages\/11"}],"collection":[{"href":"http:\/\/amcogen.com\/es\/wp-json\/wp\/v2\/pages"}],"about":[{"href":"http:\/\/amcogen.com\/es\/wp-json\/wp\/v2\/types\/page"}],"author":[{"embeddable":true,"href":"http:\/\/amcogen.com\/es\/wp-json\/wp\/v2\/users\/1"}],"replies":[{"embeddable":true,"href":"http:\/\/amcogen.com\/es\/wp-json\/wp\/v2\/comments?post=11"}],"version-history":[{"count":32,"href":"http:\/\/amcogen.com\/es\/wp-json\/wp\/v2\/pages\/11\/revisions"}],"predecessor-version":[{"id":427,"href":"http:\/\/amcogen.com\/es\/wp-json\/wp\/v2\/pages\/11\/revisions\/427"}],"wp:featuredmedia":[{"embeddable":true,"href":"http:\/\/amcogen.com\/es\/wp-json\/wp\/v2\/media\/332"}],"wp:attachment":[{"href":"http:\/\/amcogen.com\/es\/wp-json\/wp\/v2\/media?parent=11"}],"curies":[{"name":"wp","href":"https:\/\/api.w.org\/{rel}","templated":true}]}}