{"id":15,"date":"2016-03-14T11:11:32","date_gmt":"2016-03-14T11:11:32","guid":{"rendered":"http:\/\/rkv.d17.mywebsitetransfer.com\/?page_id=15"},"modified":"2018-01-29T12:07:06","modified_gmt":"2018-01-29T12:07:06","slug":"manufacturing","status":"publish","type":"page","link":"http:\/\/amcogen.com\/es\/fabricacion\/","title":{"rendered":"Fabricaci\u00f3n"},"content":{"rendered":"<p><\/p>\n<h2>Sus opciones de las plantas de fabricaci\u00f3n son pr\u00e1cticamente ilimitadas con nosotros.<\/h2>\n<p>Tenemos una amplia selecci\u00f3n de formulaciones desde estado del arte de la plantas de fabricaci\u00f3n de contrato de fabricacion de alta calidad cGMP o aprobado por UE, FDA de EUA que sigue estrictas normas internacionales Buena Practicas de Manufactura. Trabajando estrechamente con estas empresas, garantizamos precios de alta calidad, costos efectivos y entregas oportunas.<\/p>\n<h3>C\u00f3mo podr\u00eda beneficiarse de esta Alianza respaldada por un fuerte conocimiento de fabricaci\u00f3n:<\/h3>\n<ul class=\"checkList\">\n<li>Obtener productos de <strong>alta calidad<\/strong> a <strong>bajo costo<\/strong><\/li>\n<li>Ejerza <strong>m\u00e1s opciones<\/strong>\u00a0para producir m\u00e1s formas de producto, presentacion y tipos de empaque<\/li>\n<li>Disfrute entregas fiable a <strong>largo plazo<\/strong>\u00a0que sea de calidad garantizada<\/li>\n<li>Asegurar que <strong>no exista un conflicto de intereses en el comercio<\/strong>\u00a0como somos una empresa farmaceutica<\/li>\n<li>Aprovechar nuestras relaciones <strong>globales<\/strong>\u00a0on los proveedores, el s\u00f3lido equipo t\u00e9cnico y el conocimiento del mercado<\/li>\n<\/ul>\n<h3>Podemos ofrecer productos conformes con las normas regulatorias a precios indios.<\/h3>\n<div class=\"floatList\">\n<ul>\n<li>Comprimidos (normal \/ recubierta \/ recubierta con az\u00facar \/ recubierta ent\u00e9rico),<\/li>\n<li>C\u00e1psulas (duro \/ capsula blanda)<\/li>\n<li>Inyectables (liofilizados \/ l\u00edquidos)<\/li>\n<li>L\u00edquidos<\/li>\n<li>Suspensiones<\/li>\n<li>Cremas \/ ung\u00fcentos<\/li>\n<\/ul>\n<ul>\n<li>Anticuerpos monoclonales<\/li>\n<li>Productos de oncolog\u00eda<\/li>\n<li>Oftalmicos<\/li>\n<li>Cefalosporinas respaldada por estudios de bioequivalencia seg\u00fan la Gu\u00eda Chilena.<\/li>\n<li>Para descargar la lista de productos, llene los formularios y descargue la lista inmediatamente.<\/li>\n<\/ul>\n<\/div>\n<p><\/p>","protected":false},"excerpt":{"rendered":"<p>Si usted est\u00e1 buscando un producto de calidad a buen costo con la fabricaci\u00f3n de clase mundial? Explora las opciones con nosotros.<\/p>\n","protected":false},"author":1,"featured_media":335,"parent":0,"menu_order":0,"comment_status":"closed","ping_status":"closed","template":"template-inner.php","meta":[],"yoast_head":"<!-- This site is optimized with the Yoast SEO plugin v15.4 - https:\/\/yoast.com\/wordpress\/plugins\/seo\/ -->\n<meta name=\"description\" content=\"Pharmaceutical Manufacturing: If you are pharmaceutical company from Chile and We are Leading Contract Manufacturer and supplier for Latin America Regions\" \/>\n<meta name=\"robots\" content=\"index, follow, max-snippet:-1, max-image-preview:large, max-video-preview:-1\" \/>\n<link rel=\"canonical\" href=\"https:\/\/amcogen.com\/manufacturing\/\" \/>\n<meta property=\"og:locale\" content=\"es_ES\" \/>\n<meta property=\"og:type\" content=\"article\" \/>\n<meta property=\"og:title\" content=\"Pharmaceutical Manufacturing| Contract Manufacturing Pharma\" \/>\n<meta property=\"og:description\" content=\"Pharmaceutical Manufacturing: If you are pharmaceutical company from Chile and We are Leading Contract Manufacturer and supplier for Latin America Regions\" \/>\n<meta property=\"og:url\" content=\"https:\/\/amcogen.com\/manufacturing\/\" \/>\n<meta property=\"og:site_name\" content=\"Amcogen:\" \/>\n<meta property=\"article:modified_time\" content=\"2018-01-29T12:07:06+00:00\" \/>\n<meta property=\"og:image\" content=\"http:\/\/amcogen.com\/wp-content\/uploads\/2016\/03\/manu_banner-2.jpg\" \/>\n\t<meta property=\"og:image:width\" content=\"1520\" \/>\n\t<meta property=\"og:image:height\" content=\"267\" \/>\n<meta name=\"twitter:card\" content=\"summary\" \/>\n<meta name=\"twitter:label1\" content=\"Escrito por\">\n\t<meta name=\"twitter:data1\" content=\"admin\">\n\t<meta name=\"twitter:label2\" content=\"Tiempo de lectura\">\n\t<meta name=\"twitter:data2\" content=\"2 minutos\">\n<script type=\"application\/ld+json\" class=\"yoast-schema-graph\">{\"@context\":\"https:\/\/schema.org\",\"@graph\":[{\"@type\":\"Organization\",\"@id\":\"http:\/\/amcogen.com\/#organization\",\"name\":\"AMCOGEN ALLIANCES (P) LIMITED.\",\"url\":\"http:\/\/amcogen.com\/\",\"sameAs\":[],\"logo\":{\"@type\":\"ImageObject\",\"@id\":\"http:\/\/amcogen.com\/#logo\",\"inLanguage\":\"es\",\"url\":\"http:\/\/amcogen.com\/wp-content\/uploads\/2017\/03\/Amcogen-logo.png\",\"width\":102,\"height\":90,\"caption\":\"AMCOGEN ALLIANCES (P) LIMITED.\"},\"image\":{\"@id\":\"http:\/\/amcogen.com\/#logo\"}},{\"@type\":\"WebSite\",\"@id\":\"http:\/\/amcogen.com\/#website\",\"url\":\"http:\/\/amcogen.com\/\",\"name\":\"Amcogen:\",\"description\":\"Best Pharmaceutical Company| Contract Manufacturing| Out licensing\",\"publisher\":{\"@id\":\"http:\/\/amcogen.com\/#organization\"},\"potentialAction\":[{\"@type\":\"SearchAction\",\"target\":\"http:\/\/amcogen.com\/?s={search_term_string}\",\"query-input\":\"required name=search_term_string\"}],\"inLanguage\":\"es\"},{\"@type\":\"ImageObject\",\"@id\":\"https:\/\/amcogen.com\/manufacturing\/#primaryimage\",\"inLanguage\":\"es\",\"url\":\"http:\/\/amcogen.com\/wp-content\/uploads\/2016\/03\/manu_banner-2.jpg\",\"width\":1520,\"height\":267,\"caption\":\"pharmaceutical Manufacturing\"},{\"@type\":\"WebPage\",\"@id\":\"https:\/\/amcogen.com\/manufacturing\/#webpage\",\"url\":\"https:\/\/amcogen.com\/manufacturing\/\",\"name\":\"Pharmaceutical Manufacturing| Contract Manufacturing Pharma\",\"isPartOf\":{\"@id\":\"http:\/\/amcogen.com\/#website\"},\"primaryImageOfPage\":{\"@id\":\"https:\/\/amcogen.com\/manufacturing\/#primaryimage\"},\"datePublished\":\"2016-03-14T11:11:32+00:00\",\"dateModified\":\"2018-01-29T12:07:06+00:00\",\"description\":\"Pharmaceutical Manufacturing: If you are pharmaceutical company from Chile and We are Leading Contract Manufacturer and supplier for Latin America Regions\",\"inLanguage\":\"es\",\"potentialAction\":[{\"@type\":\"ReadAction\",\"target\":[\"https:\/\/amcogen.com\/manufacturing\/\"]}]}]}<\/script>\n<!-- \/ Yoast SEO plugin. -->","_links":{"self":[{"href":"http:\/\/amcogen.com\/es\/wp-json\/wp\/v2\/pages\/15"}],"collection":[{"href":"http:\/\/amcogen.com\/es\/wp-json\/wp\/v2\/pages"}],"about":[{"href":"http:\/\/amcogen.com\/es\/wp-json\/wp\/v2\/types\/page"}],"author":[{"embeddable":true,"href":"http:\/\/amcogen.com\/es\/wp-json\/wp\/v2\/users\/1"}],"replies":[{"embeddable":true,"href":"http:\/\/amcogen.com\/es\/wp-json\/wp\/v2\/comments?post=15"}],"version-history":[{"count":25,"href":"http:\/\/amcogen.com\/es\/wp-json\/wp\/v2\/pages\/15\/revisions"}],"predecessor-version":[{"id":404,"href":"http:\/\/amcogen.com\/es\/wp-json\/wp\/v2\/pages\/15\/revisions\/404"}],"wp:featuredmedia":[{"embeddable":true,"href":"http:\/\/amcogen.com\/es\/wp-json\/wp\/v2\/media\/335"}],"wp:attachment":[{"href":"http:\/\/amcogen.com\/es\/wp-json\/wp\/v2\/media?parent=15"}],"curies":[{"name":"wp","href":"https:\/\/api.w.org\/{rel}","templated":true}]}}