{"id":19,"date":"2016-03-14T11:12:08","date_gmt":"2016-03-14T11:12:08","guid":{"rendered":"http:\/\/rkv.d17.mywebsitetransfer.com\/?page_id=19"},"modified":"2017-04-04T03:59:00","modified_gmt":"2017-04-04T03:59:00","slug":"out-licensing-supply","status":"publish","type":"page","link":"http:\/\/amcogen.com\/es\/out-license-y-suministros\/","title":{"rendered":"Out License y suministro"},"content":{"rendered":"<p><\/p>\n<h2>SU LIDERAZGO DEL MERCADO ES <span>NUESTRA ULTIMA RECOMPENSA<\/span><\/h2>\n<p>Ayudamos a nuestros clientes a lograr el liderazgo empresarial y tratamos asegurar que se conservan por mucho tiempo. Nuestro fuerte apoyo permite a nuestros clientes capturar el mercado de forma m\u00e1s r\u00e1pida y eficaz.<\/p>\n<p style=\"font-size:22px;font-weight:bold;color:#82bd41;\">La asociaci\u00f3n con nosotros traer\u00e1 resultados sobresalientes en el mercado.<\/p>\n<h3 class=\"marginTop\">SUMINISTRO:<\/h3>\n<h4 class=\"marginTopmed\">Al final, se trata la oferta y la demanda.<\/h4>\n<p>Avanzamos el \u00e9xito de nuestros clientes asegurando un flujo constante de productos en sus carteras y lista de productos aprobados. Suministramos productos terminados as\u00ed como entregas a granel. Logramos esto por tener excelentes estrategias y sistemas de comercializaci\u00f3n, log\u00edstica y distribuci\u00f3n en lugar de ejecutar proyectos sin problemas. Nuestro objetivo es ser un socio que ofrece soluciones adaptadas a sus deseos y deseos espec\u00edficos.<\/p>\n<div class=\"productDetail\"><\/div>\n<h4>Qu\u00e9 hacemos<\/h4>\n<ul class=\"arrowList\">\n<li>Suministro de productos farmac\u00e9uticos gen\u00e9ricos de alta calidad<\/li>\n<li>Proporcionar suministro seguro y confiable durante un per\u00edodo de tiempo<\/li>\n<li>Realizar una planificaci\u00f3n log\u00edstica meticulosa para acelerar el tiempo de lanzamiento al mercado<\/li>\n<li>Ejecutar una excelente gesti\u00f3n de proyectos para que las operaciones funcionen sin problemas<\/li>\n<li>Superar cualquier desaf\u00edo en log\u00edstica y distribuci\u00f3n de manera oportuna<\/li>\n<\/ul>\n<p><\/p>","protected":false},"excerpt":{"rendered":"<p>\u00bfUsted da bienvenida  a un socio quien es m\u00e1s apasionado por su \u00e9xito, y el trabajo orientado a resultados?<\/p>\n","protected":false},"author":1,"featured_media":337,"parent":0,"menu_order":0,"comment_status":"closed","ping_status":"closed","template":"template-inner.php","meta":[],"yoast_head":"<!-- This site is optimized with the Yoast SEO plugin v15.4 - https:\/\/yoast.com\/wordpress\/plugins\/seo\/ -->\n<meta name=\"description\" content=\"If you are pharmaceutical company from Latin America (Chile).We are providing Out licensing Pharmaceutical Products and Supply as well as bulk deliveries.\" \/>\n<meta name=\"robots\" content=\"index, follow, max-snippet:-1, max-image-preview:large, max-video-preview:-1\" \/>\n<link rel=\"canonical\" href=\"https:\/\/amcogen.com\/outlicense-supply\/\" \/>\n<meta property=\"og:locale\" content=\"es_ES\" \/>\n<meta property=\"og:type\" content=\"article\" \/>\n<meta property=\"og:title\" content=\"Out licensing Pharmaceutical Products &amp; Supply| AMCOGEN\" \/>\n<meta property=\"og:description\" content=\"If you are pharmaceutical company from Latin America (Chile).We are providing Out licensing Pharmaceutical Products and Supply as well as bulk deliveries.\" \/>\n<meta property=\"og:url\" content=\"https:\/\/amcogen.com\/outlicense-supply\/\" \/>\n<meta property=\"og:site_name\" content=\"Amcogen:\" \/>\n<meta property=\"article:modified_time\" content=\"2017-04-04T03:59:00+00:00\" \/>\n<meta property=\"og:image\" content=\"http:\/\/amcogen.com\/wp-content\/uploads\/2016\/03\/out_banner-1.jpg\" \/>\n\t<meta property=\"og:image:width\" content=\"1520\" \/>\n\t<meta property=\"og:image:height\" content=\"267\" \/>\n<meta name=\"twitter:card\" content=\"summary\" \/>\n<meta name=\"twitter:label1\" content=\"Escrito por\">\n\t<meta name=\"twitter:data1\" content=\"admin\">\n\t<meta name=\"twitter:label2\" content=\"Tiempo de lectura\">\n\t<meta name=\"twitter:data2\" content=\"1 minuto\">\n<script type=\"application\/ld+json\" class=\"yoast-schema-graph\">{\"@context\":\"https:\/\/schema.org\",\"@graph\":[{\"@type\":\"Organization\",\"@id\":\"http:\/\/amcogen.com\/#organization\",\"name\":\"AMCOGEN ALLIANCES (P) LIMITED.\",\"url\":\"http:\/\/amcogen.com\/\",\"sameAs\":[],\"logo\":{\"@type\":\"ImageObject\",\"@id\":\"http:\/\/amcogen.com\/#logo\",\"inLanguage\":\"es\",\"url\":\"http:\/\/amcogen.com\/wp-content\/uploads\/2017\/03\/Amcogen-logo.png\",\"width\":102,\"height\":90,\"caption\":\"AMCOGEN ALLIANCES (P) LIMITED.\"},\"image\":{\"@id\":\"http:\/\/amcogen.com\/#logo\"}},{\"@type\":\"WebSite\",\"@id\":\"http:\/\/amcogen.com\/#website\",\"url\":\"http:\/\/amcogen.com\/\",\"name\":\"Amcogen:\",\"description\":\"Best Pharmaceutical Company| Contract Manufacturing| Out licensing\",\"publisher\":{\"@id\":\"http:\/\/amcogen.com\/#organization\"},\"potentialAction\":[{\"@type\":\"SearchAction\",\"target\":\"http:\/\/amcogen.com\/?s={search_term_string}\",\"query-input\":\"required name=search_term_string\"}],\"inLanguage\":\"es\"},{\"@type\":\"ImageObject\",\"@id\":\"https:\/\/amcogen.com\/outlicense-supply\/#primaryimage\",\"inLanguage\":\"es\",\"url\":\"http:\/\/amcogen.com\/wp-content\/uploads\/2016\/03\/out_banner-1.jpg\",\"width\":1520,\"height\":267,\"caption\":\"Out licensing\"},{\"@type\":\"WebPage\",\"@id\":\"https:\/\/amcogen.com\/outlicense-supply\/#webpage\",\"url\":\"https:\/\/amcogen.com\/outlicense-supply\/\",\"name\":\"Out licensing Pharmaceutical Products & Supply| AMCOGEN\",\"isPartOf\":{\"@id\":\"http:\/\/amcogen.com\/#website\"},\"primaryImageOfPage\":{\"@id\":\"https:\/\/amcogen.com\/outlicense-supply\/#primaryimage\"},\"datePublished\":\"2016-03-14T11:12:08+00:00\",\"dateModified\":\"2017-04-04T03:59:00+00:00\",\"description\":\"If you are pharmaceutical company from Latin America (Chile).We are providing Out licensing Pharmaceutical Products and Supply as well as bulk deliveries.\",\"inLanguage\":\"es\",\"potentialAction\":[{\"@type\":\"ReadAction\",\"target\":[\"https:\/\/amcogen.com\/outlicense-supply\/\"]}]}]}<\/script>\n<!-- \/ Yoast SEO plugin. -->","_links":{"self":[{"href":"http:\/\/amcogen.com\/es\/wp-json\/wp\/v2\/pages\/19"}],"collection":[{"href":"http:\/\/amcogen.com\/es\/wp-json\/wp\/v2\/pages"}],"about":[{"href":"http:\/\/amcogen.com\/es\/wp-json\/wp\/v2\/types\/page"}],"author":[{"embeddable":true,"href":"http:\/\/amcogen.com\/es\/wp-json\/wp\/v2\/users\/1"}],"replies":[{"embeddable":true,"href":"http:\/\/amcogen.com\/es\/wp-json\/wp\/v2\/comments?post=19"}],"version-history":[{"count":23,"href":"http:\/\/amcogen.com\/es\/wp-json\/wp\/v2\/pages\/19\/revisions"}],"predecessor-version":[{"id":406,"href":"http:\/\/amcogen.com\/es\/wp-json\/wp\/v2\/pages\/19\/revisions\/406"}],"wp:featuredmedia":[{"embeddable":true,"href":"http:\/\/amcogen.com\/es\/wp-json\/wp\/v2\/media\/337"}],"wp:attachment":[{"href":"http:\/\/amcogen.com\/es\/wp-json\/wp\/v2\/media?parent=19"}],"curies":[{"name":"wp","href":"https:\/\/api.w.org\/{rel}","templated":true}]}}