{"id":23,"date":"2016-03-14T11:12:39","date_gmt":"2016-03-14T11:12:39","guid":{"rendered":"http:\/\/rkv.d17.mywebsitetransfer.com\/?page_id=23"},"modified":"2017-04-04T03:57:54","modified_gmt":"2017-04-04T03:57:54","slug":"our-privacy-policy","status":"publish","type":"page","link":"http:\/\/amcogen.com\/es\/nuestra-politica-de-privacidad\/","title":{"rendered":"Nuestra Pol\u00edtica de Privacidad"},"content":{"rendered":"<p><\/p>\n<div class=\"privacyPolicy clearfix\">\n<div class=\"privacyLeft\">\n<ul>\n<li>\n<h3>1. ESTAMOS COMPROMETIDOS PARA PROTEGER SU INFORMACI\u00d3N PERSONAL<\/h3>\n<p>Amcogen Alliance Private Limited se compromete a proteger su privacidad. Este documento es una pol\u00edtica de privacidad que establece nuestro compromiso con respecto a cualquier informaci\u00f3n personal que recopilamos o tengamos sobre usted y lo que hacemos con esa informaci\u00f3n.<\/p>\n<p>Cualquier informaci\u00f3n personal que recojamos o retengamos acerca de Usted solo ser\u00e1 utilizada para los prop\u00f3sitos para los cuales la hemos recopilado o como lo permita la ley. Respetaremos los Principios de privacidad para la protecci\u00f3n de la informaci\u00f3n personal de la India, tal como se establece en la Ley de privacidad y cualquier otra ley pertinente, con respecto a su informaci\u00f3n personal.<\/p>\n<\/li>\n<li>\n<h3>2. CU\u00c1L ES LA INFORMACI\u00d3N PERSONAL Y POR QU\u00c9 LA RECOLECTAMOS?<\/h3>\n<p>Cuando nos referimos a informaci\u00f3n personal Nos referimos a informaci\u00f3n de la cual su identidad es razonablemente evidente. Esta informaci\u00f3n puede incluir informaci\u00f3n o una opini\u00f3n sobre usted. Solo recopilaremos informaci\u00f3n personal que sea razonablemente necesaria para, o directamente relacionada con, Nuestras funciones y actividades.<\/p>\n<p>El tipo de informaci\u00f3n personal que podemos recopilar acerca de Usted incluye Su nombre, Su direcci\u00f3n, cookies, Su direcci\u00f3n IP y cualquier otra informaci\u00f3n que hayamos hecho que lo Contacto. Tambi\u00e9n podemos tener informaci\u00f3n confidencial o informaci\u00f3n de cr\u00e9dito.<\/p>\n<p>Recopilamos informaci\u00f3n personal con el prop\u00f3sito de llevar a cabo negocios con Usted, proporcionando cualquier servicio que Usted haya solicitado y administrando Nuestra relaci\u00f3n con Usted. Esto puede ocurrir cuando visite Nuestro Sitio Web, cuando Publique una consulta a trav\u00e9s del portal accesible a trav\u00e9s de Nuestro Sitio Web, o de lo contrario cuando se comunique con Nosotros o se registre para recibir informaci\u00f3n de Nosotros.<\/p>\n<h4>INFORMACI\u00d3N DE CR\u00c9DITO<\/h4>\n<p>En el curso de Nuestro negocio con Usted, podemos recopilar y mantener informaci\u00f3n crediticia. La informaci\u00f3n crediticia es informaci\u00f3n que suele intercambiarse entre proveedores de cr\u00e9dito y finanzas, entidades de informes de cr\u00e9dito y otras entidades que participan en la gesti\u00f3n del cr\u00e9dito. El tipo de informaci\u00f3n crediticia que poseemos puede incluir detalles de Sus pasivos con respecto al cr\u00e9dito al consumo, informaci\u00f3n predeterminada e informaci\u00f3n sobre procedimientos judiciales. Si recopilamos o mantenemos informaci\u00f3n de cr\u00e9dito Lo hacemos para ayudar en la administraci\u00f3n de cualquier cr\u00e9dito que extendemos.<\/p>\n<p>Puede acceder a cualquier informaci\u00f3n de cr\u00e9dito que poseamos sobre Usted, buscar correcci\u00f3n de esta informaci\u00f3n, o preguntar acerca de c\u00f3mo hemos utilizado su informaci\u00f3n de cr\u00e9dito mediante nuestros datos de contacto a continuaci\u00f3n. Reconoceremos su consulta dentro de los 7 d\u00edas, y le proporcionaremos un resultado a su consulta dentro de 30 d\u00edas.<\/p>\n<h4>INFORMACI\u00d3N SENSITIVO<\/h4>\n<p>La informaci\u00f3n sensitivo se refiere a cualquier informaci\u00f3n sobre el origen racial o \u00e9tnico de una persona, las opiniones pol\u00edticas, la pertenencia a una asociaci\u00f3n pol\u00edtica, las creencias o afiliaciones religiosas, las creencias filos\u00f3ficas, la pertenencia a un profesional o una asociaci\u00f3n comercial, la pertenencia a un sindicato, las preferencias o pr\u00e1cticas sexuales , Antecedentes penales o informaci\u00f3n de salud.<\/p>\n<p>No le pediremos que revele informaci\u00f3n confidencial a menos que sea necesario que Nosotros realicemos Nuestro negocio con Usted. Sin embargo, si Usted decide proporcionarnos informaci\u00f3n confidencial no solicitada, puede almacenarla.<\/p>\n<h4>Cookies<\/h4>\n<p>Utilizamos cookies cuando visite nuestro sitio web con el fin de proporcionarle un servicio mejor y m\u00e1s personalizado.<\/p>\n<p>Una cookie es una peque\u00f1a pieza de datos colocada en su navegador web por nuestro sitio web. Una cookie puede ser recuperada cuando visite nuestra p\u00e1gina web para recordar su actividad anterior. Las cookies se utilizan con frecuencia en los sitios web. Puede elegir si y c\u00f3mo se aceptar\u00e1 una cookie configurando Sus preferencias y opciones en Su navegador web.<\/p>\n<p>Utilizamos cookies para diferentes prop\u00f3sitos como:<\/p>\n<ul class=\"pinkList\">\n<li>asignar un n\u00famero \u00fanico a su navegador de Internet;<\/li>\n<li>personalizar nuestro sitio web para usted;<\/li>\n<li>con fines estad\u00edsticos;<\/li>\n<li>por razones de seguridad; Y \/ o<\/li>\n<li>para autenticar o identificar si est\u00e1 registrado en nuestro sitio web, sin requerirle que vuelva a introducir los detalles cada vez que ingrese a nuestro sitio web.<\/li>\n<\/ul>\n<p>Si en alg\u00fan momento no desea aceptar cookies o desea eliminar cookies existentes, puede configurar manualmente su navegador para rechazar cookies o eliminar manualmente las cookies existentes de su disco duro. Sin embargo, al eliminar o rechazar aceptar cookies, puede obstruir u obstaculizar su capacidad de experimentar la funcionalidad completa de Nuestro Sitio Web.<\/p>\n<h4>DIRECCIONES IP<\/h4>\n<p>Su direcci\u00f3n IP es el identificador de su dispositivo de navegaci\u00f3n web cuando est\u00e1 utilizando Internet. Puede ser necesario que nosotros recojamos su direcci\u00f3n IP para su interacci\u00f3n con partes de nuestro sitio web.<\/p>\n<\/li>\n<\/ul>\n<\/div>\n<div class=\"privacyRight\">\n<ul>\n<li>\n<h3>3. DIVULGAMOS SU INFORMACI\u00d3N PERSONAL?<\/h3>\n<p>Podemos revelar Su informaci\u00f3n personal a las siguientes personas:<\/p>\n<ul class=\"pinkList\">\n<li>prestadores de servicios externos, para que puedan prestar el servicio que les hemos contratado;<\/li>\n<li>empresas que proveen sistemas de informaci\u00f3n e infraestructura a Nosotros;<\/li>\n<li>cualquier persona que represente usted;<\/li>\n<li>cualquier persona, en donde Usted nos haya dado su consentimiento;<\/li>\n<li>inversionistas, agentes, asesores o cualquier entidad que tenga inter\u00e9s en nuestro negocio;<\/li>\n<li>terceros que nos han instruido para prestar servicios; o<\/li>\n<li>organizaciones que proporcionan productos o servicios utilizados o comercializados por nosotros.<\/li>\n<\/ul>\n<p>Antes de divulgar su informaci\u00f3n personal a otra persona u organizaci\u00f3n, Tomaremos medidas razonables para asegurar que la persona u organizaci\u00f3n tenga el compromiso de proteger su informaci\u00f3n personal por lo menos igual a Nuestro compromiso, o de otra manera que Usted haya consentido La divulgaci\u00f3n.<\/p>\n<p>Podemos utilizar el almacenamiento en la nube para almacenar la informaci\u00f3n personal que tenemos sobre usted. El almacenamiento en la nube y los servidores de TI pueden estar ubicados fuera de la India. Tambi\u00e9n podemos revelar su informaci\u00f3n personal a entidades extranjeras, incluyendo nuestras oficinas en la India, o en el extranjero en el presente y en el futuro.<\/p>\n<\/li>\n<li>\n<h3>4. ACCESO Y CORRECCI\u00d3N DE SU INFORMACI\u00d3N PERSONAL<\/h3>\n<p>Le proporcionaremos acceso a la informaci\u00f3n personal que tenemos sobre usted. Usted puede solicitar acceso a cualquier informaci\u00f3n personal que Nosotros poseemos sobre Usted en cualquier momento. Dependiendo del tipo de solicitud que realice, podemos responder a su solicitud de inmediato. De lo contrario, generalmente le respondemos dentro de los 7 d\u00edas de haber recibido su solicitud. Es posible que debamos ponernos en contacto con otras entidades para investigar adecuadamente su solicitud.<\/p>\n<p>Confiaremos generalmente en usted para asegurar que la informaci\u00f3n que tenemos sobre usted es exacta o completa. Si alguna de la informaci\u00f3n personal que tenemos sobre Usted es incorrecta, inexacta o fuera de fecha, Usted puede solicitar que Nosotros corrijamos la informaci\u00f3n. Si es apropiado, corregiremos la informaci\u00f3n personal en el momento de la solicitud. De lo contrario, le proporcionaremos una respuesta inicial en el plazo de 7 d\u00edas despu\u00e9s de recibir su solicitud. Cuando sea razonable, y despu\u00e9s de cualquier investigaci\u00f3n que consideremos necesaria para emprender, le proporcionaremos detalles sobre si hemos corregido la informaci\u00f3n personal dentro de 30 d\u00edas. Es posible que debamos consultar con otras entidades como parte de nuestra investigaci\u00f3n.<\/p>\n<p>Si nos negamos a corregir su informaci\u00f3n personal, le proporcionaremos nuestras razones para no corregir la informaci\u00f3n.<\/p>\n<\/li>\n<li>\n<h3>5. C\u00d3MO ES SEGURO SU INFORMACI\u00d3N PERSONAL CON NOSOTROS?<\/h3>\n<p>Tomaremos medidas razonables para proteger su informaci\u00f3n personal almacen\u00e1ndola en un ambiente seguro. Podemos almacenar su informaci\u00f3n personal en papel y \/ o en formato electr\u00f3nico. Tambi\u00e9n tomaremos medidas razonables para proteger cualquier informaci\u00f3n personal de uso indebido, p\u00e9rdida y acceso no autorizado, modificaci\u00f3n o divulgaci\u00f3n.<\/p>\n<\/li>\n<li>\n<h3>6. CAMBIOS A NUESTRA POL\u00cdTICA DE PRIVACIDAD<\/h3>\n<p>Revisamos constantemente nuestras pol\u00edticas para mantenerse al d\u00eda con la ley y las expectativas del mercado. En consecuencia, podemos cambiar esta Pol\u00edtica de privacidad de vez en cuando. No estamos obligados a notificarle de tal cambio, pero le animamos a revisar y revisar nuestra Pol\u00edtica de privacidad de vez en cuando.<\/p>\n<\/li>\n<li>\n<h3>7. NUESTROS DATOS DE CONTACTO:<\/h3>\n<p>Si desea ponerse en contacto con nosotros en relaci\u00f3n con cualquier aspecto de nuestra pol\u00edtica de privacidad, comun\u00edquese con nosotros a trav\u00e9s de la p\u00e1gina de contacto en nuestro sitio web.<\/p>\n<\/li>\n<\/ul>\n<\/div>\n<\/div>\n<p><\/p>","protected":false},"excerpt":{"rendered":"<p>1. ESTAMOS COMPROMETIDOS PARA PROTEGER SU INFORMACI\u00d3N PERSONAL Amcogen Alliance Private Limited se compromete a proteger su privacidad. Este documento es una pol\u00edtica de privacidad que establece nuestro compromiso con respecto a cualquier informaci\u00f3n personal que recopilamos o tengamos sobre usted y lo que hacemos con esa informaci\u00f3n. Cualquier informaci\u00f3n personal que recojamos o retengamos &hellip; <a href=\"http:\/\/amcogen.com\/es\/nuestra-politica-de-privacidad\/\" class=\"more-link\">Continue reading<span class=\"screen-reader-text\"> &#8220;Nuestra Pol\u00edtica de Privacidad&#8221;<\/span><\/a><\/p>\n","protected":false},"author":1,"featured_media":0,"parent":0,"menu_order":0,"comment_status":"closed","ping_status":"closed","template":"","meta":[],"yoast_head":"<!-- This site is optimized with the Yoast SEO plugin v15.4 - https:\/\/yoast.com\/wordpress\/plugins\/seo\/ -->\n<meta name=\"description\" content=\"Amcogen.com is committed to protecting your privacy. This document is a privacy policy which sets out our commitment in respect of any personal information\" \/>\n<meta name=\"robots\" content=\"index, follow, max-snippet:-1, max-image-preview:large, max-video-preview:-1\" \/>\n<link rel=\"canonical\" href=\"http:\/\/amcogen.com\/es\/nuestra-politica-de-privacidad\/\" \/>\n<meta property=\"og:locale\" content=\"es_ES\" \/>\n<meta property=\"og:type\" content=\"article\" \/>\n<meta property=\"og:title\" content=\"Privacy Policy| AMCOGEN ALLIANCES\" \/>\n<meta property=\"og:description\" content=\"Amcogen.com is committed to protecting your privacy. This document is a privacy policy which sets out our commitment in respect of any personal information\" \/>\n<meta property=\"og:url\" content=\"http:\/\/amcogen.com\/es\/nuestra-politica-de-privacidad\/\" \/>\n<meta property=\"og:site_name\" content=\"Amcogen:\" \/>\n<meta property=\"article:modified_time\" content=\"2017-04-04T03:57:54+00:00\" \/>\n<meta name=\"twitter:card\" content=\"summary\" \/>\n<meta name=\"twitter:label1\" content=\"Escrito por\">\n\t<meta name=\"twitter:data1\" content=\"admin\">\n\t<meta name=\"twitter:label2\" content=\"Tiempo de lectura\">\n\t<meta name=\"twitter:data2\" content=\"11 minutos\">\n<script type=\"application\/ld+json\" class=\"yoast-schema-graph\">{\"@context\":\"https:\/\/schema.org\",\"@graph\":[{\"@type\":\"Organization\",\"@id\":\"http:\/\/amcogen.com\/#organization\",\"name\":\"AMCOGEN ALLIANCES (P) LIMITED.\",\"url\":\"http:\/\/amcogen.com\/\",\"sameAs\":[],\"logo\":{\"@type\":\"ImageObject\",\"@id\":\"http:\/\/amcogen.com\/#logo\",\"inLanguage\":\"es\",\"url\":\"http:\/\/amcogen.com\/wp-content\/uploads\/2017\/03\/Amcogen-logo.png\",\"width\":102,\"height\":90,\"caption\":\"AMCOGEN ALLIANCES (P) LIMITED.\"},\"image\":{\"@id\":\"http:\/\/amcogen.com\/#logo\"}},{\"@type\":\"WebSite\",\"@id\":\"http:\/\/amcogen.com\/#website\",\"url\":\"http:\/\/amcogen.com\/\",\"name\":\"Amcogen:\",\"description\":\"Best Pharmaceutical Company| Contract Manufacturing| Out licensing\",\"publisher\":{\"@id\":\"http:\/\/amcogen.com\/#organization\"},\"potentialAction\":[{\"@type\":\"SearchAction\",\"target\":\"http:\/\/amcogen.com\/?s={search_term_string}\",\"query-input\":\"required name=search_term_string\"}],\"inLanguage\":\"es\"},{\"@type\":\"WebPage\",\"@id\":\"http:\/\/amcogen.com\/es\/nuestra-politica-de-privacidad\/#webpage\",\"url\":\"http:\/\/amcogen.com\/es\/nuestra-politica-de-privacidad\/\",\"name\":\"Privacy Policy| AMCOGEN ALLIANCES\",\"isPartOf\":{\"@id\":\"http:\/\/amcogen.com\/#website\"},\"datePublished\":\"2016-03-14T11:12:39+00:00\",\"dateModified\":\"2017-04-04T03:57:54+00:00\",\"description\":\"Amcogen.com is committed to protecting your privacy. This document is a privacy policy which sets out our commitment in respect of any personal information\",\"inLanguage\":\"es\",\"potentialAction\":[{\"@type\":\"ReadAction\",\"target\":[\"http:\/\/amcogen.com\/es\/nuestra-politica-de-privacidad\/\"]}]}]}<\/script>\n<!-- \/ Yoast SEO plugin. -->","_links":{"self":[{"href":"http:\/\/amcogen.com\/es\/wp-json\/wp\/v2\/pages\/23"}],"collection":[{"href":"http:\/\/amcogen.com\/es\/wp-json\/wp\/v2\/pages"}],"about":[{"href":"http:\/\/amcogen.com\/es\/wp-json\/wp\/v2\/types\/page"}],"author":[{"embeddable":true,"href":"http:\/\/amcogen.com\/es\/wp-json\/wp\/v2\/users\/1"}],"replies":[{"embeddable":true,"href":"http:\/\/amcogen.com\/es\/wp-json\/wp\/v2\/comments?post=23"}],"version-history":[{"count":8,"href":"http:\/\/amcogen.com\/es\/wp-json\/wp\/v2\/pages\/23\/revisions"}],"predecessor-version":[{"id":405,"href":"http:\/\/amcogen.com\/es\/wp-json\/wp\/v2\/pages\/23\/revisions\/405"}],"wp:attachment":[{"href":"http:\/\/amcogen.com\/es\/wp-json\/wp\/v2\/media?parent=23"}],"curies":[{"name":"wp","href":"https:\/\/api.w.org\/{rel}","templated":true}]}}