{"id":5,"date":"2016-03-14T11:10:19","date_gmt":"2016-03-14T11:10:19","guid":{"rendered":"http:\/\/rkv.d17.mywebsitetransfer.com\/?page_id=5"},"modified":"2018-07-23T10:54:52","modified_gmt":"2018-07-23T10:54:52","slug":"home","status":"publish","type":"page","link":"http:\/\/amcogen.com\/es\/","title":{"rendered":"Inicio"},"content":{"rendered":"<p><\/p>\n<p class=\"fontsizeMed\">Estamos organizados alrededor de una dimensi\u00f3n simple, es decir, nuestros socios.<\/p>\n<p class=\"fontsizeBig\">Todo nuestro tiempo est\u00e1 dedicado a nuestra alianza de marca &#8220;Amcogen Alliance&#8221;.<\/p>\n<p>Hemos diferenciado exitosamente de las otras empresas farmac\u00e9uticos. Sabemos en qu\u00e9 somos buenos y tambi\u00e9n nuestros socios.<\/p>","protected":false},"excerpt":{"rendered":"<p>Estamos organizados alrededor de una dimensi\u00f3n simple, es decir, nuestros socios. Todo nuestro tiempo est\u00e1 dedicado a nuestra alianza de marca &#8220;Amcogen Alliance&#8221;. Hemos diferenciado exitosamente de las otras empresas farmac\u00e9uticos. Sabemos en qu\u00e9 somos buenos y tambi\u00e9n nuestros socios.<\/p>\n","protected":false},"author":1,"featured_media":0,"parent":0,"menu_order":0,"comment_status":"closed","ping_status":"closed","template":"template-home.php","meta":[],"yoast_head":"<!-- This site is optimized with the Yoast SEO plugin v15.4 - https:\/\/yoast.com\/wordpress\/plugins\/seo\/ -->\n<meta name=\"description\" content=\"If you are pharmaceutical company from Latin America (Chile, Brazil) and we provides you high quality product, Out Licensing &amp; Contract Manufacturing, Services. Si usted es una Compa\u00f1\u00eda farmac\u00e9utica de Latinoam\u00e9rica (Chile, Brasil) y estamos ofreciendo productos de alta calidad y fabricaci\u00f3n de contratos, servicios de Out License.\" \/>\n<meta name=\"robots\" content=\"index, follow, max-snippet:-1, max-image-preview:large, max-video-preview:-1\" \/>\n<link rel=\"canonical\" href=\"http:\/\/amcogen.com\/\" \/>\n<meta property=\"og:locale\" content=\"es_ES\" \/>\n<meta property=\"og:type\" content=\"article\" \/>\n<meta property=\"og:title\" content=\"Pharmaceutical Company in Mumbai | Out Licensing\" \/>\n<meta property=\"og:description\" content=\"If you are pharmaceutical company from Latin America (Chile, Brazil) and we provides you high quality product, Out Licensing &amp; Contract Manufacturing, Services. Si usted es una Compa\u00f1\u00eda farmac\u00e9utica de Latinoam\u00e9rica (Chile, Brasil) y estamos ofreciendo productos de alta calidad y fabricaci\u00f3n de contratos, servicios de Out License.\" \/>\n<meta property=\"og:url\" content=\"http:\/\/amcogen.com\/\" \/>\n<meta property=\"og:site_name\" content=\"Amcogen:\" \/>\n<meta property=\"article:modified_time\" content=\"2018-07-23T10:54:52+00:00\" \/>\n<meta name=\"twitter:card\" content=\"summary\" \/>\n<meta name=\"twitter:label1\" content=\"Escrito por\">\n\t<meta name=\"twitter:data1\" content=\"admin\">\n\t<meta name=\"twitter:label2\" content=\"Tiempo de lectura\">\n\t<meta name=\"twitter:data2\" content=\"0 minutos\">\n<script type=\"application\/ld+json\" class=\"yoast-schema-graph\">{\"@context\":\"https:\/\/schema.org\",\"@graph\":[{\"@type\":\"Organization\",\"@id\":\"http:\/\/amcogen.com\/#organization\",\"name\":\"AMCOGEN ALLIANCES (P) LIMITED.\",\"url\":\"http:\/\/amcogen.com\/\",\"sameAs\":[],\"logo\":{\"@type\":\"ImageObject\",\"@id\":\"http:\/\/amcogen.com\/#logo\",\"inLanguage\":\"es\",\"url\":\"http:\/\/amcogen.com\/wp-content\/uploads\/2017\/03\/Amcogen-logo.png\",\"width\":102,\"height\":90,\"caption\":\"AMCOGEN ALLIANCES (P) LIMITED.\"},\"image\":{\"@id\":\"http:\/\/amcogen.com\/#logo\"}},{\"@type\":\"WebSite\",\"@id\":\"http:\/\/amcogen.com\/#website\",\"url\":\"http:\/\/amcogen.com\/\",\"name\":\"Amcogen:\",\"description\":\"Best Pharmaceutical Company| Contract Manufacturing| Out licensing\",\"publisher\":{\"@id\":\"http:\/\/amcogen.com\/#organization\"},\"potentialAction\":[{\"@type\":\"SearchAction\",\"target\":\"http:\/\/amcogen.com\/?s={search_term_string}\",\"query-input\":\"required name=search_term_string\"}],\"inLanguage\":\"es\"},{\"@type\":\"WebPage\",\"@id\":\"http:\/\/amcogen.com\/#webpage\",\"url\":\"http:\/\/amcogen.com\/\",\"name\":\"Pharmaceutical Company in Mumbai | Out Licensing\",\"isPartOf\":{\"@id\":\"http:\/\/amcogen.com\/#website\"},\"datePublished\":\"2016-03-14T11:10:19+00:00\",\"dateModified\":\"2018-07-23T10:54:52+00:00\",\"description\":\"If you are pharmaceutical company from Latin America (Chile, Brazil) and we provides you high quality product, Out Licensing & Contract Manufacturing, Services. Si usted es una Compa\\u00f1\\u00eda farmac\\u00e9utica de Latinoam\\u00e9rica (Chile, Brasil) y estamos ofreciendo productos de alta calidad y fabricaci\\u00f3n de contratos, servicios de Out License.\",\"inLanguage\":\"es\",\"potentialAction\":[{\"@type\":\"ReadAction\",\"target\":[\"http:\/\/amcogen.com\/\"]}]}]}<\/script>\n<!-- \/ Yoast SEO plugin. -->","_links":{"self":[{"href":"http:\/\/amcogen.com\/es\/wp-json\/wp\/v2\/pages\/5"}],"collection":[{"href":"http:\/\/amcogen.com\/es\/wp-json\/wp\/v2\/pages"}],"about":[{"href":"http:\/\/amcogen.com\/es\/wp-json\/wp\/v2\/types\/page"}],"author":[{"embeddable":true,"href":"http:\/\/amcogen.com\/es\/wp-json\/wp\/v2\/users\/1"}],"replies":[{"embeddable":true,"href":"http:\/\/amcogen.com\/es\/wp-json\/wp\/v2\/comments?post=5"}],"version-history":[{"count":10,"href":"http:\/\/amcogen.com\/es\/wp-json\/wp\/v2\/pages\/5\/revisions"}],"predecessor-version":[{"id":987,"href":"http:\/\/amcogen.com\/es\/wp-json\/wp\/v2\/pages\/5\/revisions\/987"}],"wp:attachment":[{"href":"http:\/\/amcogen.com\/es\/wp-json\/wp\/v2\/media?parent=5"}],"curies":[{"name":"wp","href":"https:\/\/api.w.org\/{rel}","templated":true}]}}