{"id":7,"date":"2016-03-14T11:10:32","date_gmt":"2016-03-14T11:10:32","guid":{"rendered":"http:\/\/rkv.d17.mywebsitetransfer.com\/?page_id=7"},"modified":"2017-04-04T08:48:17","modified_gmt":"2017-04-04T08:48:17","slug":"about-us","status":"publish","type":"page","link":"http:\/\/amcogen.com\/es\/acerca-de-nosotros\/","title":{"rendered":"Acerca de nosotros"},"content":{"rendered":"<p><\/p>\n<h2>Socio Global <span>Confiable<\/span><\/h2>\n<p class=\"bigFont\">Creemos que el \u00e9xito se basa en la colaboraci\u00f3n y flexibilidad para adaptar nuestra experiencia a las condiciones y necesidades del mercado local. Estamos listos para alinear nuestras capacidades, operaciones y recursos para facilitar el \u00e9xito colaborativo con nuestros socios.<\/p>\n<div class=\"get_started\">\n<h2>NUESTRAS PROMESAS CLAVE A NUESTRA ALIANZA<\/h2>\n<ul class=\"arrowList\" style=\"padding:30px 20px 15px 20px;\">\n<li>Invertimos tiempos largos y damos importancia al potencial del producto ya la investigaci\u00f3n del mercado. <\/li>\n<li>Cada cartera de productos cuenta con el apoyo de un equipo que incluye buscadores de productos, profesionales de Investigaci\u00f3n y Desarrollo y Bioequivalencia. Como resultado aseguramos suministrar productos que gana el mercado.<\/li>\n<li>Con nuestra experiencia, una relaci\u00f3n bien establecida con empresas europeas y mercados locales, Amcogen Alliance siempre surge como un socio de confianza a largo plazo para usted.<\/li>\n<\/ul>\n<\/div>\n<div class=\"askUs\">\n<h3 class=\"marginTop\">NUESTRA PERICIA<\/h3>\n<p style=\"padding:0 20px 0 20px;margin:0;\">El equipo de Amcogen Alliance ha visto cientos de instalaciones de fabricaci\u00f3n de cGMP (Buenas Practicas de Manufactura Actuales) que hace contrato de fabricaci\u00f3n. Nuestro equipo ha trabajado personalmente en m\u00faltiples productos y tecnolog\u00edas. Con una rica experiencia y buena voluntad, hemos cultivado amistades y relaciones de negocios que son un recurso invaluable cuando se trata de desarrollo exitoso de productos, identificaci\u00f3n de sitios de fabricaci\u00f3n y entrega de productos exitosos.<\/p>\n<\/div>\n<h3>Experto en Bioequivalencia y Formulaci\u00f3n<\/h3>\n<p>Nuestra experiencia en el desarrollo de formulaciones y estudios de bioequivalencia de los pa\u00edses regulados nos proporciona la espina dorsal fuerte para evaluar las oportunidades y asegurar el desarrollo exitoso de productos para Chile y otros productos de calidad de requisitos de entorno empresarial cada vez m\u00e1s complejos.<\/p>\n<p><\/p>","protected":false},"excerpt":{"rendered":"<p>Socio Global Confiable Creemos que el \u00e9xito se basa en la colaboraci\u00f3n y flexibilidad para adaptar nuestra experiencia a las condiciones y necesidades del mercado local. Estamos listos para alinear nuestras capacidades, operaciones y recursos para facilitar el \u00e9xito colaborativo con nuestros socios. NUESTRAS PROMESAS CLAVE A NUESTRA ALIANZA Invertimos tiempos largos y damos importancia &hellip; <a href=\"http:\/\/amcogen.com\/es\/acerca-de-nosotros\/\" class=\"more-link\">Continue reading<span class=\"screen-reader-text\"> &#8220;Acerca de nosotros&#8221;<\/span><\/a><\/p>\n","protected":false},"author":1,"featured_media":331,"parent":0,"menu_order":0,"comment_status":"closed","ping_status":"closed","template":"template-inner.php","meta":[],"yoast_head":"<!-- This site is optimized with the Yoast SEO plugin v15.4 - https:\/\/yoast.com\/wordpress\/plugins\/seo\/ -->\n<meta name=\"description\" content=\"About Us: Amcogen Alliances is best pharmaceutical Company and developing high quality pharmaceutical products and Leading at Contract Manufacturing\" \/>\n<meta name=\"robots\" content=\"index, follow, max-snippet:-1, max-image-preview:large, max-video-preview:-1\" \/>\n<link rel=\"canonical\" href=\"https:\/\/amcogen.com\/about-us\/\" \/>\n<meta property=\"og:locale\" content=\"es_ES\" \/>\n<meta property=\"og:type\" content=\"article\" \/>\n<meta property=\"og:title\" content=\"About Us| Best Pharmaceutical Company| AMCOGEN\" \/>\n<meta property=\"og:description\" content=\"About Us: Amcogen Alliances is best pharmaceutical Company and developing high quality pharmaceutical products and Leading at Contract Manufacturing\" \/>\n<meta property=\"og:url\" content=\"https:\/\/amcogen.com\/about-us\/\" \/>\n<meta property=\"og:site_name\" content=\"Amcogen:\" \/>\n<meta property=\"article:modified_time\" content=\"2017-04-04T08:48:17+00:00\" \/>\n<meta property=\"og:image\" content=\"http:\/\/amcogen.com\/wp-content\/uploads\/2016\/03\/about_banner-1.jpg\" \/>\n\t<meta property=\"og:image:width\" content=\"1520\" \/>\n\t<meta property=\"og:image:height\" content=\"267\" \/>\n<meta name=\"twitter:card\" content=\"summary\" \/>\n<meta name=\"twitter:label1\" content=\"Escrito por\">\n\t<meta name=\"twitter:data1\" content=\"admin\">\n\t<meta name=\"twitter:label2\" content=\"Tiempo de lectura\">\n\t<meta name=\"twitter:data2\" content=\"2 minutos\">\n<script type=\"application\/ld+json\" class=\"yoast-schema-graph\">{\"@context\":\"https:\/\/schema.org\",\"@graph\":[{\"@type\":\"Organization\",\"@id\":\"http:\/\/amcogen.com\/#organization\",\"name\":\"AMCOGEN ALLIANCES (P) LIMITED.\",\"url\":\"http:\/\/amcogen.com\/\",\"sameAs\":[],\"logo\":{\"@type\":\"ImageObject\",\"@id\":\"http:\/\/amcogen.com\/#logo\",\"inLanguage\":\"es\",\"url\":\"http:\/\/amcogen.com\/wp-content\/uploads\/2017\/03\/Amcogen-logo.png\",\"width\":102,\"height\":90,\"caption\":\"AMCOGEN ALLIANCES (P) LIMITED.\"},\"image\":{\"@id\":\"http:\/\/amcogen.com\/#logo\"}},{\"@type\":\"WebSite\",\"@id\":\"http:\/\/amcogen.com\/#website\",\"url\":\"http:\/\/amcogen.com\/\",\"name\":\"Amcogen:\",\"description\":\"Best Pharmaceutical Company| Contract Manufacturing| Out licensing\",\"publisher\":{\"@id\":\"http:\/\/amcogen.com\/#organization\"},\"potentialAction\":[{\"@type\":\"SearchAction\",\"target\":\"http:\/\/amcogen.com\/?s={search_term_string}\",\"query-input\":\"required name=search_term_string\"}],\"inLanguage\":\"es\"},{\"@type\":\"ImageObject\",\"@id\":\"https:\/\/amcogen.com\/about-us\/#primaryimage\",\"inLanguage\":\"es\",\"url\":\"http:\/\/amcogen.com\/wp-content\/uploads\/2016\/03\/about_banner-1.jpg\",\"width\":1520,\"height\":267},{\"@type\":\"WebPage\",\"@id\":\"https:\/\/amcogen.com\/about-us\/#webpage\",\"url\":\"https:\/\/amcogen.com\/about-us\/\",\"name\":\"About Us| Best Pharmaceutical Company| AMCOGEN\",\"isPartOf\":{\"@id\":\"http:\/\/amcogen.com\/#website\"},\"primaryImageOfPage\":{\"@id\":\"https:\/\/amcogen.com\/about-us\/#primaryimage\"},\"datePublished\":\"2016-03-14T11:10:32+00:00\",\"dateModified\":\"2017-04-04T08:48:17+00:00\",\"description\":\"About Us: Amcogen Alliances is best pharmaceutical Company and developing high quality pharmaceutical products and Leading at Contract Manufacturing\",\"inLanguage\":\"es\",\"potentialAction\":[{\"@type\":\"ReadAction\",\"target\":[\"https:\/\/amcogen.com\/about-us\/\"]}]}]}<\/script>\n<!-- \/ Yoast SEO plugin. -->","_links":{"self":[{"href":"http:\/\/amcogen.com\/es\/wp-json\/wp\/v2\/pages\/7"}],"collection":[{"href":"http:\/\/amcogen.com\/es\/wp-json\/wp\/v2\/pages"}],"about":[{"href":"http:\/\/amcogen.com\/es\/wp-json\/wp\/v2\/types\/page"}],"author":[{"embeddable":true,"href":"http:\/\/amcogen.com\/es\/wp-json\/wp\/v2\/users\/1"}],"replies":[{"embeddable":true,"href":"http:\/\/amcogen.com\/es\/wp-json\/wp\/v2\/comments?post=7"}],"version-history":[{"count":36,"href":"http:\/\/amcogen.com\/es\/wp-json\/wp\/v2\/pages\/7\/revisions"}],"predecessor-version":[{"id":403,"href":"http:\/\/amcogen.com\/es\/wp-json\/wp\/v2\/pages\/7\/revisions\/403"}],"wp:featuredmedia":[{"embeddable":true,"href":"http:\/\/amcogen.com\/es\/wp-json\/wp\/v2\/media\/331"}],"wp:attachment":[{"href":"http:\/\/amcogen.com\/es\/wp-json\/wp\/v2\/media?parent=7"}],"curies":[{"name":"wp","href":"https:\/\/api.w.org\/{rel}","templated":true}]}}