{"id":9,"date":"2016-03-14T11:10:43","date_gmt":"2016-03-14T11:10:43","guid":{"rendered":"http:\/\/rkv.d17.mywebsitetransfer.com\/?page_id=9"},"modified":"2017-04-03T09:37:52","modified_gmt":"2017-04-03T09:37:52","slug":"contact","status":"publish","type":"page","link":"http:\/\/amcogen.com\/es\/contactenos\/","title":{"rendered":"Cont\u00e1ctenos"},"content":{"rendered":"<p><\/p>\n<h3 class=\"contact_head\">Cont\u00e1ctenos<\/h3>\n<p class=\"bigFont\">Para preguntas adicionales por favor cont\u00e1ctenos directamente enviando un correo electr\u00f3nico a <a href=\"mailto:bd@amcogen.com\">bd@amcogen.com<\/a> <\/p>\n<div class=\"contact_form\"><div role=\"form\" class=\"wpcf7\" id=\"wpcf7-f138-o2\" lang=\"en-US\" dir=\"ltr\">\n<div class=\"screen-reader-response\"><p role=\"status\" aria-live=\"polite\" aria-atomic=\"true\"><\/p> <ul><\/ul><\/div>\n<form action=\"\/es\/wp-json\/wp\/v2\/pages\/9#wpcf7-f138-o2\" method=\"post\" class=\"wpcf7-form init\" novalidate=\"novalidate\" data-status=\"init\">\n<div style=\"display: none;\">\n<input type=\"hidden\" name=\"_wpcf7\" value=\"138\" \/>\n<input type=\"hidden\" name=\"_wpcf7_version\" value=\"5.3.1\" \/>\n<input type=\"hidden\" name=\"_wpcf7_locale\" value=\"en_US\" \/>\n<input type=\"hidden\" name=\"_wpcf7_unit_tag\" value=\"wpcf7-f138-o2\" \/>\n<input type=\"hidden\" name=\"_wpcf7_container_post\" value=\"0\" \/>\n<input type=\"hidden\" name=\"_wpcf7_posted_data_hash\" value=\"\" \/>\n<\/div>\n<ul style=\"margin:0 0 15px;\">\n<li><label>Nombre:<\/label><span class=\"wpcf7-form-control-wrap name\"><input type=\"text\" name=\"name\" value=\"\" size=\"40\" class=\"wpcf7-form-control wpcf7-text wpcf7-validates-as-required\" aria-required=\"true\" aria-invalid=\"false\" placeholder=\"Name\" \/><\/span><\/li>\n<li><label>Correo electr\u00f3nico:<\/label><span class=\"wpcf7-form-control-wrap email\"><input type=\"email\" name=\"email\" value=\"\" size=\"40\" class=\"wpcf7-form-control wpcf7-text wpcf7-email wpcf7-validates-as-required wpcf7-validates-as-email\" aria-required=\"true\" aria-invalid=\"false\" placeholder=\"Email\" \/><\/span><\/li>\n<li><label>Telefono:<\/label><span class=\"wpcf7-form-control-wrap phone\"><input type=\"tel\" name=\"phone\" value=\"\" size=\"40\" class=\"wpcf7-form-control wpcf7-text wpcf7-tel wpcf7-validates-as-required wpcf7-validates-as-tel\" aria-required=\"true\" aria-invalid=\"false\" placeholder=\"Phone\" \/><\/span><\/li>\n<li><label>Direcci\u00f3n<\/label><span class=\"wpcf7-form-control-wrap address-field\"><input type=\"text\" name=\"address-field\" value=\"\" size=\"40\" class=\"wpcf7-form-control wpcf7-text wpcf7-validates-as-required\" aria-required=\"true\" aria-invalid=\"false\" placeholder=\"Enter Your Address\" \/><\/span><\/li>\n<li><label>Mensaje:<\/label><span class=\"wpcf7-form-control-wrap message\"><textarea name=\"message\" cols=\"40\" rows=\"10\" class=\"wpcf7-form-control wpcf7-textarea wpcf7-validates-as-required\" aria-required=\"true\" aria-invalid=\"false\" placeholder=\"Message\"><\/textarea><\/span><\/li>\n<li><label>Ingresa el C\u00f3digo de Seguridad:<span>*<\/span><\/label><span class=\"wpcf7-form-control-wrap security\"><input type=\"text\" name=\"security\" value=\"\" size=\"40\" class=\"wpcf7-form-control wpcf7-captchar\" autocomplete=\"off\" aria-invalid=\"false\" placeholder=\"Enter Security Code\" \/><\/span><input type=\"hidden\" name=\"_wpcf7_captcha_challenge_security\" value=\"1987232281\" \/><img class=\"wpcf7-form-control wpcf7-captchac wpcf7-captcha-security\" width=\"72\" height=\"24\" alt=\"captcha\" src=\"http:\/\/amcogen.com\/wp-content\/uploads\/wpcf7_captcha\/1987232281.png\" \/><\/li>\n<\/ul>\n<p style=\"margin:0 0 50px 0;padding:0;\"><input type=\"submit\" value=\"Submit\" class=\"wpcf7-form-control wpcf7-submit\" \/><span class=\"notes\">\u00bfSi tiene m\u00e1s preguntas? Tenemos las respuestas.<\/span><\/p>\n<div class=\"wpcf7-response-output\" aria-hidden=\"true\"><\/div><\/form><\/div><\/div>\n<div id=\"wpgmza_map\" data-settings='{\"id\":\"1\",\"map_title\":\"My first map\",\"map_width\":\"100\",\"map_height\":\"400\",\"map_start_lat\":\"19.182143\",\"map_start_lng\":\"72.942988\",\"map_start_location\":\"19.1821435,72.94298839999999\",\"map_start_zoom\":\"16\",\"default_marker\":\"0\",\"type\":\"1\",\"alignment\":\"1\",\"directions_enabled\":\"1\",\"styling_enabled\":\"0\",\"styling_json\":\"\",\"active\":\"0\",\"kml\":\"\",\"bicycle\":\"2\",\"traffic\":\"2\",\"dbox\":\"1\",\"dbox_width\":\"100\",\"listmarkers\":\"0\",\"listmarkers_advanced\":\"0\",\"filterbycat\":\"0\",\"ugm_enabled\":\"0\",\"ugm_category_enabled\":\"0\",\"fusion\":\"\",\"map_width_type\":\"\\\\%\",\"map_height_type\":\"px\",\"mass_marker_support\":\"1\",\"ugm_access\":\"0\",\"order_markers_by\":\"1\",\"order_markers_choice\":\"2\",\"show_user_location\":\"0\",\"default_to\":\"\",\"other_settings\":{\"store_locator_enabled\":2,\"store_locator_distance\":2,\"store_locator_bounce\":1,\"store_locator_query_string\":\"ZIP \\\/ Address:\",\"store_locator_default_address\":\"\",\"wpgmza_store_locator_restrict\":\"\",\"map_max_zoom\":\"1\",\"transport_layer\":2,\"wpgmza_theme_data\":\"\"}}' data-shortcode-attributes='{\"id\":\"1\"}' style=\"display:block; overflow:auto; width:100%; height:400px; float:left;\"><\/div>\n<div class=\"get_started\">\n<h2>C\u00d3MO <span>EMPEZAR<\/span><\/h2>\n<div class=\"sub_get\">\n<h3>Si usted es una empresa farmac\u00e9utica Chilena<\/h3>\n<ul class=\"conList\">\n<li>Si usted es una Compa\u00f1\u00eda Farmac\u00e9utica Chilena buscando producto de calidad espec\u00edfico, tecnolog\u00eda o fuente de suministro confiable de productos para licitaci\u00f3n nacional o mercado privado, podemos desarrollar productos con o sin estudios Bioequivalancia y tambi\u00e9n podemos manejar cadena de suministro a largo plazo para usted.<\/li>\n<\/ul>\n<\/div>\n<div class=\"sub_get2\">\n<h3>Si usted es una empresa farmac\u00e9utica EUA \/ UE<\/h3>\n<ul class=\"conList\">\n<li>Si usted es titular de una autorizaci\u00f3n de comercializaci\u00f3n (MA) de Europa, Estados Unidos, Australia, trabajando en productos potenciales y est\u00e1 dispuesto a expandir su territorio a Chile o en Centroam\u00e9rica, nos encantar\u00eda ofrecer una lista de puntos de flujo de proceso. No hay un camino establecido en cuanto a c\u00f3mo esto funciona para todos. Cada empresa tiene una forma diferente de trabajar y tratamos de utilizar diferentes metodolog\u00edas para obtener la soluci\u00f3n correcta.<\/li>\n<li>Escr\u00edbanos para que podamos decirle c\u00f3mo podemos empezar.<\/li>\n<\/ul>\n<\/div>\n<\/div>\n<div class=\"askUs\">\n<h3>Preg\u00fantenos sobre:<\/h3>\n<ul class=\"checkList\">\n<li>PRODUCTO FARMAC\u00c9UTICO GEN\u00c9RICO ACABADO <\/li>\n<li>Colaboraci\u00f3n en el desarrollo de productos y suministro de productos farmac\u00e9uticos acabado<\/li>\n<li>Primero al Mercado despu\u00e9s de la expiraci\u00f3n de la patente<\/li>\n<li>Estudios de bioequivalencia<\/li>\n<\/ul>\n<ul>\n<li>ESTRATEGIA DE PATENTES, PROPIEDAD INTELECTUAL, INVESTIGACI\u00d3N Y DESARROLLO<\/li>\n<li>Problemas de propiedad intelectual<\/li>\n<li>Investigaci\u00f3n y desarrollo<\/li>\n<li>Formulaci\u00f3n estable<\/li>\n<li>Mol\u00e9culas dif\u00edciles y de nicho<\/li>\n<\/ul>\n<ul>\n<li>FABRICACI\u00d3N<\/li>\n<li>Planta de manufactura con cGMP (Buenas Practicas de Manufactura Actuales)<\/li>\n<li>Producci\u00f3n de bajo costo y alta calidad<\/li>\n<li>Cualquier dosis y opciones de envasado<\/li>\n<\/ul>\n<ul>\n<li>OUTLICENSING Y SUMINISTROS<\/li>\n<li>Licencia lucrativa y suministro<\/li>\n<li>Suministro y distribuci\u00f3n confiables a largo plazo<\/li>\n<li>Gesti\u00f3n de la cadena de suministro<\/li>\n<\/ul>\n<\/div>\n<p><\/p>","protected":false},"excerpt":{"rendered":"<p>Cont\u00e1ctenos Para preguntas adicionales por favor cont\u00e1ctenos directamente enviando un correo electr\u00f3nico a bd@amcogen.com C\u00d3MO EMPEZAR Si usted es una empresa farmac\u00e9utica Chilena Si usted es una Compa\u00f1\u00eda Farmac\u00e9utica Chilena buscando producto de calidad espec\u00edfico, tecnolog\u00eda o fuente de suministro confiable de productos para licitaci\u00f3n nacional o mercado privado, podemos desarrollar productos con o sin &hellip; <a href=\"http:\/\/amcogen.com\/es\/contactenos\/\" class=\"more-link\">Continue reading<span class=\"screen-reader-text\"> &#8220;Cont\u00e1ctenos&#8221;<\/span><\/a><\/p>\n","protected":false},"author":1,"featured_media":349,"parent":0,"menu_order":0,"comment_status":"closed","ping_status":"closed","template":"template-inner.php","meta":[],"yoast_head":"<!-- This site is optimized with the Yoast SEO plugin v15.4 - https:\/\/yoast.com\/wordpress\/plugins\/seo\/ -->\n<meta name=\"description\" content=\"If you are pharmaceutical company from Latin America and you are looking for Pharmaceutical product. So please Contact us and we will get back to you.\" \/>\n<meta name=\"robots\" content=\"index, follow, max-snippet:-1, max-image-preview:large, max-video-preview:-1\" \/>\n<link rel=\"canonical\" href=\"https:\/\/amcogen.com\/contact\/\" \/>\n<meta property=\"og:locale\" content=\"es_ES\" \/>\n<meta property=\"og:type\" content=\"article\" \/>\n<meta property=\"og:title\" content=\"Contact Us | AMCOGEN ALLIANCES\" \/>\n<meta property=\"og:description\" content=\"If you are pharmaceutical company from Latin America and you are looking for Pharmaceutical product. So please Contact us and we will get back to you.\" \/>\n<meta property=\"og:url\" content=\"https:\/\/amcogen.com\/contact\/\" \/>\n<meta property=\"og:site_name\" content=\"Amcogen:\" \/>\n<meta property=\"article:modified_time\" content=\"2017-04-03T09:37:52+00:00\" \/>\n<meta property=\"og:image\" content=\"http:\/\/amcogen.com\/wp-content\/uploads\/2016\/03\/contact_banner-1-1.jpg\" \/>\n\t<meta property=\"og:image:width\" content=\"1520\" \/>\n\t<meta property=\"og:image:height\" content=\"267\" \/>\n<meta name=\"twitter:card\" content=\"summary\" \/>\n<meta name=\"twitter:label1\" content=\"Escrito por\">\n\t<meta name=\"twitter:data1\" content=\"admin\">\n\t<meta name=\"twitter:label2\" content=\"Tiempo de lectura\">\n\t<meta name=\"twitter:data2\" content=\"2 minutos\">\n<script type=\"application\/ld+json\" class=\"yoast-schema-graph\">{\"@context\":\"https:\/\/schema.org\",\"@graph\":[{\"@type\":\"Organization\",\"@id\":\"http:\/\/amcogen.com\/#organization\",\"name\":\"AMCOGEN ALLIANCES (P) LIMITED.\",\"url\":\"http:\/\/amcogen.com\/\",\"sameAs\":[],\"logo\":{\"@type\":\"ImageObject\",\"@id\":\"http:\/\/amcogen.com\/#logo\",\"inLanguage\":\"es\",\"url\":\"http:\/\/amcogen.com\/wp-content\/uploads\/2017\/03\/Amcogen-logo.png\",\"width\":102,\"height\":90,\"caption\":\"AMCOGEN ALLIANCES (P) LIMITED.\"},\"image\":{\"@id\":\"http:\/\/amcogen.com\/#logo\"}},{\"@type\":\"WebSite\",\"@id\":\"http:\/\/amcogen.com\/#website\",\"url\":\"http:\/\/amcogen.com\/\",\"name\":\"Amcogen:\",\"description\":\"Best Pharmaceutical Company| Contract Manufacturing| Out licensing\",\"publisher\":{\"@id\":\"http:\/\/amcogen.com\/#organization\"},\"potentialAction\":[{\"@type\":\"SearchAction\",\"target\":\"http:\/\/amcogen.com\/?s={search_term_string}\",\"query-input\":\"required name=search_term_string\"}],\"inLanguage\":\"es\"},{\"@type\":\"ImageObject\",\"@id\":\"https:\/\/amcogen.com\/contact\/#primaryimage\",\"inLanguage\":\"es\",\"url\":\"http:\/\/amcogen.com\/wp-content\/uploads\/2016\/03\/contact_banner-1-1.jpg\",\"width\":1520,\"height\":267},{\"@type\":\"WebPage\",\"@id\":\"https:\/\/amcogen.com\/contact\/#webpage\",\"url\":\"https:\/\/amcogen.com\/contact\/\",\"name\":\"Contact Us | AMCOGEN ALLIANCES\",\"isPartOf\":{\"@id\":\"http:\/\/amcogen.com\/#website\"},\"primaryImageOfPage\":{\"@id\":\"https:\/\/amcogen.com\/contact\/#primaryimage\"},\"datePublished\":\"2016-03-14T11:10:43+00:00\",\"dateModified\":\"2017-04-03T09:37:52+00:00\",\"description\":\"If you are pharmaceutical company from Latin America and you are looking for Pharmaceutical product. So please Contact us and we will get back to you.\",\"inLanguage\":\"es\",\"potentialAction\":[{\"@type\":\"ReadAction\",\"target\":[\"https:\/\/amcogen.com\/contact\/\"]}]}]}<\/script>\n<!-- \/ Yoast SEO plugin. -->","_links":{"self":[{"href":"http:\/\/amcogen.com\/es\/wp-json\/wp\/v2\/pages\/9"}],"collection":[{"href":"http:\/\/amcogen.com\/es\/wp-json\/wp\/v2\/pages"}],"about":[{"href":"http:\/\/amcogen.com\/es\/wp-json\/wp\/v2\/types\/page"}],"author":[{"embeddable":true,"href":"http:\/\/amcogen.com\/es\/wp-json\/wp\/v2\/users\/1"}],"replies":[{"embeddable":true,"href":"http:\/\/amcogen.com\/es\/wp-json\/wp\/v2\/comments?post=9"}],"version-history":[{"count":42,"href":"http:\/\/amcogen.com\/es\/wp-json\/wp\/v2\/pages\/9\/revisions"}],"predecessor-version":[{"id":416,"href":"http:\/\/amcogen.com\/es\/wp-json\/wp\/v2\/pages\/9\/revisions\/416"}],"wp:featuredmedia":[{"embeddable":true,"href":"http:\/\/amcogen.com\/es\/wp-json\/wp\/v2\/media\/349"}],"wp:attachment":[{"href":"http:\/\/amcogen.com\/es\/wp-json\/wp\/v2\/media?parent=9"}],"curies":[{"name":"wp","href":"https:\/\/api.w.org\/{rel}","templated":true}]}}